{"id":111,"date":"2024-02-22T08:30:41","date_gmt":"2024-02-22T07:30:41","guid":{"rendered":"http:\/\/pleszew.pttk.pl\/?page_id=111"},"modified":"2024-03-06T12:32:53","modified_gmt":"2024-03-06T11:32:53","slug":"kontakt","status":"publish","type":"page","link":"http:\/\/pleszew.pttk.pl\/index.php\/kontakt\/","title":{"rendered":"Kontakt"},"content":{"rendered":"\n<p class=\"has-text-align-center\"><img loading=\"lazy\" decoding=\"async\" width=\"150\" height=\"150\" class=\"wp-image-17\" style=\"width: 150px;\" src=\"http:\/\/pleszew.pttk.pl\/wordpress\/wp-content\/uploads\/2024\/02\/znak_PTTK_1.3.png\" alt=\"\" srcset=\"http:\/\/pleszew.pttk.pl\/wordpress\/wp-content\/uploads\/2024\/02\/znak_PTTK_1.3.png 723w, http:\/\/pleszew.pttk.pl\/wordpress\/wp-content\/uploads\/2024\/02\/znak_PTTK_1.3-300x300.png 300w, http:\/\/pleszew.pttk.pl\/wordpress\/wp-content\/uploads\/2024\/02\/znak_PTTK_1.3-150x150.png 150w\" sizes=\"auto, (max-width: 150px) 100vw, 150px\" \/><\/p>\n\n\n\n<p class=\"has-text-align-center\"><strong>POLSKIE TOWARZYSTWO TURYSTYCZNO-KRAJOZNAWCZE<br>Oddzia\u0142 w Pleszewie<\/strong><br>ul. Targowa 1<br>skr. poczt. 16<br>63-300 Pleszew<\/p>\n\n\n\n<p><\/p>\n\n\n\n<p>tel. 608-105-444 (Marcin Czerwi\u0144ski)<br>694 361 161 (Miros\u0142aw Kubiak)<\/p>\n\n\n\n<p>e-mail: <a href=\"mailto:oddzial@pleszew.pttk.pl\">oddzial@pleszew.pttk.pl<\/a><\/p>\n\n\n\n<p>Konto bankowe:<br>Bank Sp\u00f3\u0142dzielczy Pleszew<br>76 8407 0003 0005 1233 2000 0101<\/p>\n","protected":false},"excerpt":{"rendered":"<p>POLSKIE TOWARZYSTWO TURYSTYCZNO-KRAJOZNAWCZEOddzia\u0142 w Pleszewieul. Targowa 1skr. poczt. 1663-300 Pleszew tel. 608-105-444 (Marcin Czerwi\u0144ski)694 361 161 (Miros\u0142aw Kubiak) e-mail: oddzial@pleszew.pttk.pl Konto bankowe:Bank Sp\u00f3\u0142dzielczy Pleszew76 8407 0003 0005 1233 2000 0101<\/p>\n","protected":false},"author":1,"featured_media":0,"parent":0,"menu_order":0,"comment_status":"closed","ping_status":"closed","template":"","meta":{"footnotes":""},"class_list":["post-111","page","type-page","status-publish","hentry"],"_links":{"self":[{"href":"http:\/\/pleszew.pttk.pl\/index.php\/wp-json\/wp\/v2\/pages\/111","targetHints":{"allow":["GET"]}}],"collection":[{"href":"http:\/\/pleszew.pttk.pl\/index.php\/wp-json\/wp\/v2\/pages"}],"about":[{"href":"http:\/\/pleszew.pttk.pl\/index.php\/wp-json\/wp\/v2\/types\/page"}],"author":[{"embeddable":true,"href":"http:\/\/pleszew.pttk.pl\/index.php\/wp-json\/wp\/v2\/users\/1"}],"replies":[{"embeddable":true,"href":"http:\/\/pleszew.pttk.pl\/index.php\/wp-json\/wp\/v2\/comments?post=111"}],"version-history":[{"count":4,"href":"http:\/\/pleszew.pttk.pl\/index.php\/wp-json\/wp\/v2\/pages\/111\/revisions"}],"predecessor-version":[{"id":227,"href":"http:\/\/pleszew.pttk.pl\/index.php\/wp-json\/wp\/v2\/pages\/111\/revisions\/227"}],"wp:attachment":[{"href":"http:\/\/pleszew.pttk.pl\/index.php\/wp-json\/wp\/v2\/media?parent=111"}],"curies":[{"name":"wp","href":"https:\/\/api.w.org\/{rel}","templated":true}]}}